{"id":798,"date":"2020-03-27T20:04:07","date_gmt":"2020-03-27T19:04:07","guid":{"rendered":"https:\/\/sppp.bialystok.pl\/?page_id=798"},"modified":"2023-10-17T08:45:26","modified_gmt":"2023-10-17T07:45:26","slug":"nauczyciele","status":"publish","type":"page","link":"https:\/\/sppp.bialystok.pl\/?page_id=798","title":{"rendered":"Nauczyciele"},"content":{"rendered":"<h2><strong>Polecana literatura:<\/strong><\/h2>\n<p><a href=\"https:\/\/sppp.bialystok.pl\/?p=1041\">,,Dobra pami\u0119\u0107, z\u0142a pami\u0119\u0107&#8221;- Ewa Woydy\u0142\u0142o Energii\u2026\u201d<\/a><\/p>\n<p><a href=\"https:\/\/sppp.bialystok.pl\/?p=800\">\u201eCh\u0142opiec, kret, lis i ko\u0144\u201d , autor &#8211; Charlie Mackesy, Wydawnictwo \u201eAlbatros\u201d<\/a><\/p>\n<p><a href=\"https:\/\/sppp.bialystok.pl\/?p=848\">Trudne emocje u dzieci. Jak wsp\u00f3lnie rozwi\u0105zywa\u0107 problemy w domu i szkole<\/a><\/p>\n<p><a href=\"https:\/\/sppp.bialystok.pl\/?p=882\">O wychowywaniu dzieci\u2026<\/a><\/p>\n<p><a href=\"https:\/\/sppp.bialystok.pl\/?p=929\">Tao Kubusia Puchatka<\/a><\/p>\n<p><a href=\"https:\/\/sppp.bialystok.pl\/?p=959\">Wypalenie zawodowe nauczyciela<\/a><\/p>\n<p><a href=\"https:\/\/lifestyle.newseria.pl\/biuro-prasowe\/psychologia\/edukacja-w-czasie,b747073117\">Edukacja w czasie epidemii. Jak walczy\u0107 ze stresem? &#8211; Psychologia &#8211; Newseria LifeStyle<\/a><\/p>\n<h2><strong>Polecane filmy, bajki i wyk\u0142ady<\/strong>:<\/h2>\n<p><a href=\"https:\/\/sppp.bialystok.pl\/?p=810\">Cykl wyk\u0142ad\u00f3w z Wojciechem Eichelbergerem o stresie i jak sobie z nim radzi\u0107<\/a><\/p>\n<p><a href=\"https:\/\/sppp.bialystok.pl\/?p=896\">,,Opowie\u015bci na trudne chwile&#8221; z m\u0105dro\u015bci wschodu i zachodu.<\/a><\/p>\n<h2>Artyku\u0142y:<\/h2>\n<p><a href=\"https:\/\/sppp.bialystok.pl\/?p=1266\">Metody pracy w sytuacji przemocy u\u017cywanej przez ucznia\u00a0 lub grup\u0119 uczni\u00f3w<\/a><\/p>\n<p><a href=\"https:\/\/sppp.bialystok.pl\/?p=1264\">Wczesne rozpoznawanie ofiar i sprawc\u00f3w przemocy w szkole.<\/a><\/p>\n<p><a href=\"https:\/\/sppp.bialystok.pl\/?p=1241\">Jak zyska\u0107 wp\u0142yw na swoje \u017cycie.<\/a><\/p>\n<p><a href=\"https:\/\/sppp.bialystok.pl\/?p=1112\">Rozw\u00f3j psychospo\u0142eczny dzieci w wieku szkolnym<\/a><\/p>\n<h2><strong>Relaksacja:<\/strong><\/h2>\n<p><a href=\"https:\/\/sppp.bialystok.pl\/?p=826\">Polecane do wys\u0142uchania<\/a><\/p>\n<h2 class=\"default-style\"><strong>Dla nauczycieli nauczania przedszkolnego <\/strong><\/h2>\n<p class=\"default-style\"><a href=\"http:\/\/mojedziecikreatywnie.pl\/\" target=\"_blank\" rel=\"noopener noreferrer\">Moje Dzieci Kreatywnie<\/a><\/p>\n<div class=\"default-style\">\n<p class=\"default-style\">mn\u00f3stwo ciekawych inspiracji plastycznych, eksperymenty&#8230;np. z mlekiem<\/p>\n<p class=\"default-style\"><a href=\"http:\/\/www.superbelfrzy.edu.pl\/\" target=\"_blank\" rel=\"noopener noreferrer\">Superbelfrzy<\/a><\/p>\n<div class=\"default-style\">\n<p class=\"default-style\">artyku\u0142y, \u015bwie\u017ce informacje o konferencjach, projekty, pomoce<\/p>\n<div class=\"default-style\">\n<p><a href=\"http:\/\/przedszkolankowo.pl\/\" target=\"_blank\" rel=\"noopener noreferrer\">Przedszkolankowo.pl<\/a><\/p>\n<p class=\"default-style\">karty pracy, materia\u0142y, plansze, do bezp\u0142atnego pobrania i edytowania-wiele pomocnych plik\u00f3w do druku, tworzonych z pasj\u0105 przez mam\u0119-nauczycielk\u0119<\/p>\n<div class=\"default-style\">\n<p><a href=\"https:\/\/www.mimowa.pl\/\" target=\"_blank\" rel=\"noopener noreferrer\">Mimowa<\/a><\/p>\n<p class=\"default-style\">materia\u0142y logopedyczne dla ka\u017cdej wady, wsparte grami, opisami \u0107wicze\u0144 \u2013 m\u0105drych, sensownych i bardzo praktycznych<\/p>\n<p class=\"default-style\"><a href=\"https:\/\/pl.pinterest.com\/\" target=\"_blank\" rel=\"noopener noreferrer\">Pinterest<\/a><\/p>\n<p class=\"default-style\">u\u017cytkowanie wymaga za\u0142o\u017cenia konta, a w nim tworzymy tak zwane <em>tablice<\/em> (foldery z pomys\u0142ami) tu mo\u017cna dodawa\u0107\u00a0 zdj\u0119cia z innych stron za pomoc\u0105 jednego klikni\u0119cia i tworzy\u0107 w\u0142asn\u0105 tablic\u0119, system te\u017c przedstawia inne propozycje.<\/p>\n<p class=\"default-style\"><a href=\"https:\/\/panimonia.pl\/2016\/09\/12\/wyciszanki-uspokajanki-i-wierszyki-koncentrujace-uwage\/\" target=\"_blank\" rel=\"noopener noreferrer\">Wyciszanki,<\/a><a href=\"https:\/\/panimonia.pl\/2016\/09\/12\/wyciszanki-uspokajanki-i-wierszyki-koncentrujace-uwage\/\" target=\"_blank\" rel=\"noopener noreferrer\"> uspok<\/a><a href=\"https:\/\/panimonia.pl\/2016\/09\/12\/wyciszanki-uspokajanki-i-wierszyki-koncentrujace-uwage\/\" target=\"_blank\" rel=\"noopener noreferrer\">ajanki<\/a><strong><a href=\"https:\/\/panimonia.pl\/2016\/09\/12\/wyciszanki-uspokajanki-i-wierszyki-koncentrujace-uwage\/\" target=\"_blank\" rel=\"noopener noreferrer\"> i<\/a><\/strong><a href=\"https:\/\/panimonia.pl\/2016\/09\/12\/wyciszanki-uspokajanki-i-wierszyki-koncentrujace-uwage\/\" target=\"_blank\" rel=\"noopener noreferrer\"> wierszyki<\/a><a href=\"https:\/\/panimonia.pl\/2016\/09\/12\/wyciszanki-uspokajanki-i-wierszyki-koncentrujace-uwage\/\" target=\"_blank\" rel=\"noopener noreferrer\"> konce<\/a><a href=\"https:\/\/panimonia.pl\/2016\/09\/12\/wyciszanki-uspokajanki-i-wierszyki-koncentrujace-uwage\/\" target=\"_blank\" rel=\"noopener noreferrer\">ntruj\u0105ce<\/a><a href=\"https:\/\/panimonia.pl\/2016\/09\/12\/wyciszanki-uspokajanki-i-wierszyki-koncentrujace-uwage\/\" target=\"_blank\" rel=\"noopener noreferrer\"> uwag\u0119<\/a><\/p>\n<div class=\"default-style\">Przygotowa\u0142a: Pedagog- Dorota Gryncewicz<\/div>\n<h2 class=\"default-style\"><strong>Dla nauczycieli szkolnych<\/strong><\/h2>\n<p class=\"default-style\"><em><strong>Dla tych, kt\u00f3rzy przygotowuj\u0105 do egzamin\u00f3w<\/strong><\/em> &#8211; dodatkowe zadania powt\u00f3rkowe na stronie\u00a0<a href=\"https:\/\/cke.gov.pl\/\" target=\"_blank\" rel=\"noopener noreferrer\">Centralnej<strong> Komisji Egzaminacyjnej.<\/strong><\/a><\/p>\n<p class=\"default-style\"><a href=\"https:\/\/lekcjewsieci.pl\/\" target=\"_blank\" rel=\"noopener noreferrer\">Lekcjewsieci.pl<\/a> t o strona za\u0142o\u017cona przez nauczycieli z pasj\u0105 <em><strong>wszystkich poziom\u00f3w edukacji<\/strong><\/em>, ci\u0105gle aktualizowana.<\/p>\n<p class=\"default-style\">W\u015br\u00f3d platform z bogat\u0105 ofert\u0105 szkoleniow\u0105 kierowan\u0105 do nauczycieli nale\u017cy wymieni\u0107 strony takie jak:<a href=\"http:\/\/edukreatywne.pl\/\" target=\"_blank\" rel=\"noopener noreferrer\">E<\/a><a href=\"http:\/\/edukreatywne.pl\/\" target=\"_blank\" rel=\"noopener noreferrer\">dukreatywne<\/a>,\u00a0<a href=\"https:\/\/akademiawebinaru.pl\/\" target=\"_blank\" rel=\"noopener noreferrer\">Akademia Webinaru<\/a>,\u00a0<a href=\"https:\/\/www.szkolna24.pl\/\" target=\"_blank\" rel=\"noopener noreferrer\">Szkolna24.pl<\/a><\/p>\n<\/div>\n<\/div>\n<\/div>\n<\/div>\n<p><img loading=\"lazy\" decoding=\"async\" class=\"alignnone size-full wp-image-120\" src=\"http:\/\/serwer1711885.home.pl\/autoinstalator\/wordpress3\/wp-content\/uploads\/Background_SPPP_04.jpg\" alt=\"\" width=\"1800\" height=\"500\" srcset=\"https:\/\/serwer1711885.home.pl\/autoinstalator\/wordpress3\/wp-content\/uploads\/Background_SPPP_04.jpg 1800w, https:\/\/serwer1711885.home.pl\/autoinstalator\/wordpress3\/wp-content\/uploads\/Background_SPPP_04-600x167.jpg 600w, https:\/\/serwer1711885.home.pl\/autoinstalator\/wordpress3\/wp-content\/uploads\/Background_SPPP_04-300x83.jpg 300w, https:\/\/serwer1711885.home.pl\/autoinstalator\/wordpress3\/wp-content\/uploads\/Background_SPPP_04-1024x284.jpg 1024w, https:\/\/serwer1711885.home.pl\/autoinstalator\/wordpress3\/wp-content\/uploads\/Background_SPPP_04-1280x356.jpg 1280w\" sizes=\"auto, (max-width: 1800px) 100vw, 1800px\" \/><\/p>\n","protected":false},"excerpt":{"rendered":"<p>Polecana literatura: ,,Dobra pami\u0119\u0107, z\u0142a pami\u0119\u0107&#8221;- Ewa Woydy\u0142\u0142o Energii\u2026\u201d \u201eCh\u0142opiec, kret, lis i ko\u0144\u201d , autor &#8211; Charlie Mackesy, Wydawnictwo \u201eAlbatros\u201d Trudne emocje u dzieci. Jak wsp\u00f3lnie rozwi\u0105zywa\u0107 problemy w domu i szkole O wychowywaniu dzieci\u2026 Tao Kubusia Puchatka Wypalenie zawodowe nauczyciela Edukacja w czasie epidemii. Jak walczy\u0107 ze stresem? &#8211; Psychologia &#8211; Newseria LifeStyle Polecane filmy, bajki i wyk\u0142ady: [&hellip;]<\/p>\n","protected":false},"author":1,"featured_media":0,"parent":0,"menu_order":0,"comment_status":"closed","ping_status":"closed","template":"","meta":{"footnotes":""},"class_list":["post-798","page","type-page","status-publish","hentry"],"yoast_head":"<!-- This site is optimized with the Yoast SEO plugin v27.5 - https:\/\/yoast.com\/product\/yoast-seo-wordpress\/ -->\n<title>Nauczyciele - SPECJALISTYCZNA PORADNIA PSYCHOLOGICZNO-PEDAGOGICZNA DLA DZIECI I M\u0141ODZIE\u017bY Z ZABURZENIAMI EMOCJONALNYMI<\/title>\n<meta name=\"robots\" content=\"index, follow, max-snippet:-1, max-image-preview:large, max-video-preview:-1\" \/>\n<link rel=\"canonical\" href=\"https:\/\/sppp.bialystok.pl\/?page_id=798\" \/>\n<meta property=\"og:locale\" content=\"pl_PL\" \/>\n<meta property=\"og:type\" content=\"article\" \/>\n<meta property=\"og:title\" content=\"Nauczyciele - SPECJALISTYCZNA PORADNIA PSYCHOLOGICZNO-PEDAGOGICZNA DLA DZIECI I M\u0141ODZIE\u017bY Z ZABURZENIAMI EMOCJONALNYMI\" \/>\n<meta property=\"og:description\" content=\"Polecana literatura: ,,Dobra pami\u0119\u0107, z\u0142a pami\u0119\u0107&#8221;- Ewa Woydy\u0142\u0142o Energii\u2026\u201d \u201eCh\u0142opiec, kret, lis i ko\u0144\u201d , autor &#8211; Charlie Mackesy, Wydawnictwo \u201eAlbatros\u201d Trudne emocje u dzieci. Jak wsp\u00f3lnie rozwi\u0105zywa\u0107 problemy w domu i szkole O wychowywaniu dzieci\u2026 Tao Kubusia Puchatka Wypalenie zawodowe nauczyciela Edukacja w czasie epidemii. Jak walczy\u0107 ze stresem? &#8211; Psychologia &#8211; Newseria LifeStyle Polecane filmy, bajki i wyk\u0142ady: [&hellip;]\" \/>\n<meta property=\"og:url\" content=\"https:\/\/sppp.bialystok.pl\/?page_id=798\" \/>\n<meta property=\"og:site_name\" content=\"SPECJALISTYCZNA PORADNIA PSYCHOLOGICZNO-PEDAGOGICZNA DLA DZIECI I M\u0141ODZIE\u017bY Z ZABURZENIAMI EMOCJONALNYMI\" \/>\n<meta property=\"article:modified_time\" content=\"2023-10-17T07:45:26+00:00\" \/>\n<meta property=\"og:image\" content=\"http:\/\/serwer1711885.home.pl\/autoinstalator\/wordpress3\/wp-content\/uploads\/Background_SPPP_04.jpg\" \/>\n<meta name=\"twitter:card\" content=\"summary_large_image\" \/>\n<meta name=\"twitter:label1\" content=\"Szacowany czas czytania\" \/>\n\t<meta name=\"twitter:data1\" content=\"2 minuty\" \/>\n<script type=\"application\/ld+json\" class=\"yoast-schema-graph\">{\"@context\":\"https:\\\/\\\/schema.org\",\"@graph\":[{\"@type\":\"WebPage\",\"@id\":\"https:\\\/\\\/sppp.bialystok.pl\\\/?page_id=798\",\"url\":\"https:\\\/\\\/sppp.bialystok.pl\\\/?page_id=798\",\"name\":\"Nauczyciele - SPECJALISTYCZNA PORADNIA PSYCHOLOGICZNO-PEDAGOGICZNA DLA DZIECI I M\u0141ODZIE\u017bY Z ZABURZENIAMI EMOCJONALNYMI\",\"isPartOf\":{\"@id\":\"https:\\\/\\\/sppp.bialystok.pl\\\/#website\"},\"primaryImageOfPage\":{\"@id\":\"https:\\\/\\\/sppp.bialystok.pl\\\/?page_id=798#primaryimage\"},\"image\":{\"@id\":\"https:\\\/\\\/sppp.bialystok.pl\\\/?page_id=798#primaryimage\"},\"thumbnailUrl\":\"http:\\\/\\\/serwer1711885.home.pl\\\/autoinstalator\\\/wordpress3\\\/wp-content\\\/uploads\\\/Background_SPPP_04.jpg\",\"datePublished\":\"2020-03-27T19:04:07+00:00\",\"dateModified\":\"2023-10-17T07:45:26+00:00\",\"breadcrumb\":{\"@id\":\"https:\\\/\\\/sppp.bialystok.pl\\\/?page_id=798#breadcrumb\"},\"inLanguage\":\"pl-PL\",\"potentialAction\":[{\"@type\":\"ReadAction\",\"target\":[\"https:\\\/\\\/sppp.bialystok.pl\\\/?page_id=798\"]}]},{\"@type\":\"ImageObject\",\"inLanguage\":\"pl-PL\",\"@id\":\"https:\\\/\\\/sppp.bialystok.pl\\\/?page_id=798#primaryimage\",\"url\":\"http:\\\/\\\/serwer1711885.home.pl\\\/autoinstalator\\\/wordpress3\\\/wp-content\\\/uploads\\\/Background_SPPP_04.jpg\",\"contentUrl\":\"http:\\\/\\\/serwer1711885.home.pl\\\/autoinstalator\\\/wordpress3\\\/wp-content\\\/uploads\\\/Background_SPPP_04.jpg\"},{\"@type\":\"BreadcrumbList\",\"@id\":\"https:\\\/\\\/sppp.bialystok.pl\\\/?page_id=798#breadcrumb\",\"itemListElement\":[{\"@type\":\"ListItem\",\"position\":1,\"name\":\"Strona g\u0142\u00f3wna\",\"item\":\"https:\\\/\\\/sppp.bialystok.pl\\\/\"},{\"@type\":\"ListItem\",\"position\":2,\"name\":\"Nauczyciele\"}]},{\"@type\":\"WebSite\",\"@id\":\"https:\\\/\\\/sppp.bialystok.pl\\\/#website\",\"url\":\"https:\\\/\\\/sppp.bialystok.pl\\\/\",\"name\":\"SPECJALISTYCZNA PORADNIA PSYCHOLOGICZNO-PEDAGOGICZNA DLA DZIECI I M\u0141ODZIE\u017bY Z ZABURZENIAMI EMOCJONALNYMI\",\"description\":\"\",\"publisher\":{\"@id\":\"https:\\\/\\\/sppp.bialystok.pl\\\/#organization\"},\"potentialAction\":[{\"@type\":\"SearchAction\",\"target\":{\"@type\":\"EntryPoint\",\"urlTemplate\":\"https:\\\/\\\/sppp.bialystok.pl\\\/?s={search_term_string}\"},\"query-input\":{\"@type\":\"PropertyValueSpecification\",\"valueRequired\":true,\"valueName\":\"search_term_string\"}}],\"inLanguage\":\"pl-PL\"},{\"@type\":\"Organization\",\"@id\":\"https:\\\/\\\/sppp.bialystok.pl\\\/#organization\",\"name\":\"SPECJALISTYCZNA PORADNIA PSYCHOLOGICZNO-PEDAGOGICZNA DLA DZIECI I M\u0141ODZIE\u017bY Z ZABURZENIAMI EMOCJONALNYMI\",\"url\":\"https:\\\/\\\/sppp.bialystok.pl\\\/\",\"logo\":{\"@type\":\"ImageObject\",\"inLanguage\":\"pl-PL\",\"@id\":\"https:\\\/\\\/sppp.bialystok.pl\\\/#\\\/schema\\\/logo\\\/image\\\/\",\"url\":\"https:\\\/\\\/serwer1711885.home.pl\\\/autoinstalator\\\/wordpress3\\\/wp-content\\\/uploads\\\/admin-ajax.php_.png\",\"contentUrl\":\"https:\\\/\\\/serwer1711885.home.pl\\\/autoinstalator\\\/wordpress3\\\/wp-content\\\/uploads\\\/admin-ajax.php_.png\",\"width\":400,\"height\":50,\"caption\":\"SPECJALISTYCZNA PORADNIA PSYCHOLOGICZNO-PEDAGOGICZNA DLA DZIECI I M\u0141ODZIE\u017bY Z ZABURZENIAMI EMOCJONALNYMI\"},\"image\":{\"@id\":\"https:\\\/\\\/sppp.bialystok.pl\\\/#\\\/schema\\\/logo\\\/image\\\/\"}}]}<\/script>\n<!-- \/ Yoast SEO plugin. -->","yoast_head_json":{"title":"Nauczyciele - SPECJALISTYCZNA PORADNIA PSYCHOLOGICZNO-PEDAGOGICZNA DLA DZIECI I M\u0141ODZIE\u017bY Z ZABURZENIAMI EMOCJONALNYMI","robots":{"index":"index","follow":"follow","max-snippet":"max-snippet:-1","max-image-preview":"max-image-preview:large","max-video-preview":"max-video-preview:-1"},"canonical":"https:\/\/sppp.bialystok.pl\/?page_id=798","og_locale":"pl_PL","og_type":"article","og_title":"Nauczyciele - SPECJALISTYCZNA PORADNIA PSYCHOLOGICZNO-PEDAGOGICZNA DLA DZIECI I M\u0141ODZIE\u017bY Z ZABURZENIAMI EMOCJONALNYMI","og_description":"Polecana literatura: ,,Dobra pami\u0119\u0107, z\u0142a pami\u0119\u0107&#8221;- Ewa Woydy\u0142\u0142o Energii\u2026\u201d \u201eCh\u0142opiec, kret, lis i ko\u0144\u201d , autor &#8211; Charlie Mackesy, Wydawnictwo \u201eAlbatros\u201d Trudne emocje u dzieci. Jak wsp\u00f3lnie rozwi\u0105zywa\u0107 problemy w domu i szkole O wychowywaniu dzieci\u2026 Tao Kubusia Puchatka Wypalenie zawodowe nauczyciela Edukacja w czasie epidemii. Jak walczy\u0107 ze stresem? &#8211; Psychologia &#8211; Newseria LifeStyle Polecane filmy, bajki i wyk\u0142ady: [&hellip;]","og_url":"https:\/\/sppp.bialystok.pl\/?page_id=798","og_site_name":"SPECJALISTYCZNA PORADNIA PSYCHOLOGICZNO-PEDAGOGICZNA DLA DZIECI I M\u0141ODZIE\u017bY Z ZABURZENIAMI EMOCJONALNYMI","article_modified_time":"2023-10-17T07:45:26+00:00","og_image":[{"url":"http:\/\/serwer1711885.home.pl\/autoinstalator\/wordpress3\/wp-content\/uploads\/Background_SPPP_04.jpg","type":"","width":"","height":""}],"twitter_card":"summary_large_image","twitter_misc":{"Szacowany czas czytania":"2 minuty"},"schema":{"@context":"https:\/\/schema.org","@graph":[{"@type":"WebPage","@id":"https:\/\/sppp.bialystok.pl\/?page_id=798","url":"https:\/\/sppp.bialystok.pl\/?page_id=798","name":"Nauczyciele - SPECJALISTYCZNA PORADNIA PSYCHOLOGICZNO-PEDAGOGICZNA DLA DZIECI I M\u0141ODZIE\u017bY Z ZABURZENIAMI EMOCJONALNYMI","isPartOf":{"@id":"https:\/\/sppp.bialystok.pl\/#website"},"primaryImageOfPage":{"@id":"https:\/\/sppp.bialystok.pl\/?page_id=798#primaryimage"},"image":{"@id":"https:\/\/sppp.bialystok.pl\/?page_id=798#primaryimage"},"thumbnailUrl":"http:\/\/serwer1711885.home.pl\/autoinstalator\/wordpress3\/wp-content\/uploads\/Background_SPPP_04.jpg","datePublished":"2020-03-27T19:04:07+00:00","dateModified":"2023-10-17T07:45:26+00:00","breadcrumb":{"@id":"https:\/\/sppp.bialystok.pl\/?page_id=798#breadcrumb"},"inLanguage":"pl-PL","potentialAction":[{"@type":"ReadAction","target":["https:\/\/sppp.bialystok.pl\/?page_id=798"]}]},{"@type":"ImageObject","inLanguage":"pl-PL","@id":"https:\/\/sppp.bialystok.pl\/?page_id=798#primaryimage","url":"http:\/\/serwer1711885.home.pl\/autoinstalator\/wordpress3\/wp-content\/uploads\/Background_SPPP_04.jpg","contentUrl":"http:\/\/serwer1711885.home.pl\/autoinstalator\/wordpress3\/wp-content\/uploads\/Background_SPPP_04.jpg"},{"@type":"BreadcrumbList","@id":"https:\/\/sppp.bialystok.pl\/?page_id=798#breadcrumb","itemListElement":[{"@type":"ListItem","position":1,"name":"Strona g\u0142\u00f3wna","item":"https:\/\/sppp.bialystok.pl\/"},{"@type":"ListItem","position":2,"name":"Nauczyciele"}]},{"@type":"WebSite","@id":"https:\/\/sppp.bialystok.pl\/#website","url":"https:\/\/sppp.bialystok.pl\/","name":"SPECJALISTYCZNA PORADNIA PSYCHOLOGICZNO-PEDAGOGICZNA DLA DZIECI I M\u0141ODZIE\u017bY Z ZABURZENIAMI EMOCJONALNYMI","description":"","publisher":{"@id":"https:\/\/sppp.bialystok.pl\/#organization"},"potentialAction":[{"@type":"SearchAction","target":{"@type":"EntryPoint","urlTemplate":"https:\/\/sppp.bialystok.pl\/?s={search_term_string}"},"query-input":{"@type":"PropertyValueSpecification","valueRequired":true,"valueName":"search_term_string"}}],"inLanguage":"pl-PL"},{"@type":"Organization","@id":"https:\/\/sppp.bialystok.pl\/#organization","name":"SPECJALISTYCZNA PORADNIA PSYCHOLOGICZNO-PEDAGOGICZNA DLA DZIECI I M\u0141ODZIE\u017bY Z ZABURZENIAMI EMOCJONALNYMI","url":"https:\/\/sppp.bialystok.pl\/","logo":{"@type":"ImageObject","inLanguage":"pl-PL","@id":"https:\/\/sppp.bialystok.pl\/#\/schema\/logo\/image\/","url":"https:\/\/serwer1711885.home.pl\/autoinstalator\/wordpress3\/wp-content\/uploads\/admin-ajax.php_.png","contentUrl":"https:\/\/serwer1711885.home.pl\/autoinstalator\/wordpress3\/wp-content\/uploads\/admin-ajax.php_.png","width":400,"height":50,"caption":"SPECJALISTYCZNA PORADNIA PSYCHOLOGICZNO-PEDAGOGICZNA DLA DZIECI I M\u0141ODZIE\u017bY Z ZABURZENIAMI EMOCJONALNYMI"},"image":{"@id":"https:\/\/sppp.bialystok.pl\/#\/schema\/logo\/image\/"}}]}},"_links":{"self":[{"href":"https:\/\/sppp.bialystok.pl\/index.php?rest_route=\/wp\/v2\/pages\/798","targetHints":{"allow":["GET"]}}],"collection":[{"href":"https:\/\/sppp.bialystok.pl\/index.php?rest_route=\/wp\/v2\/pages"}],"about":[{"href":"https:\/\/sppp.bialystok.pl\/index.php?rest_route=\/wp\/v2\/types\/page"}],"author":[{"embeddable":true,"href":"https:\/\/sppp.bialystok.pl\/index.php?rest_route=\/wp\/v2\/users\/1"}],"replies":[{"embeddable":true,"href":"https:\/\/sppp.bialystok.pl\/index.php?rest_route=%2Fwp%2Fv2%2Fcomments&post=798"}],"version-history":[{"count":28,"href":"https:\/\/sppp.bialystok.pl\/index.php?rest_route=\/wp\/v2\/pages\/798\/revisions"}],"predecessor-version":[{"id":1275,"href":"https:\/\/sppp.bialystok.pl\/index.php?rest_route=\/wp\/v2\/pages\/798\/revisions\/1275"}],"wp:attachment":[{"href":"https:\/\/sppp.bialystok.pl\/index.php?rest_route=%2Fwp%2Fv2%2Fmedia&parent=798"}],"curies":[{"name":"wp","href":"https:\/\/api.w.org\/{rel}","templated":true}]}}