{"id":1206,"date":"2022-12-14T22:35:16","date_gmt":"2022-12-14T21:35:16","guid":{"rendered":"https:\/\/sppp.bialystok.pl\/?page_id=1206"},"modified":"2022-12-14T23:11:35","modified_gmt":"2022-12-14T22:11:35","slug":"szkolenia-i-doradztwo-dla-kadr-poradnictwa-psychologiczno-pedagogicznego-w-wojewodztwie-podlaskim","status":"publish","type":"page","link":"https:\/\/sppp.bialystok.pl\/?page_id=1206","title":{"rendered":"&#8222;SZKOLENIA I DORADZTWO DLA KADR PORADNICTWA PSYCHOLOGICZNO &#8211; PEDAGOGICZNEGO W WOJEW\u00d3DZTWIE PODLASKIM&#8221;"},"content":{"rendered":"<p><img loading=\"lazy\" decoding=\"async\" class=\"wp-image-1172 aligncenter\" src=\"https:\/\/serwer1711885.home.pl\/autoinstalator\/wordpress3\/wp-content\/uploads\/1-1.jpg\" alt=\"\" width=\"649\" height=\"88\" srcset=\"https:\/\/serwer1711885.home.pl\/autoinstalator\/wordpress3\/wp-content\/uploads\/1-1.jpg 1387w, https:\/\/serwer1711885.home.pl\/autoinstalator\/wordpress3\/wp-content\/uploads\/1-1-300x41.jpg 300w, https:\/\/serwer1711885.home.pl\/autoinstalator\/wordpress3\/wp-content\/uploads\/1-1-1024x139.jpg 1024w, https:\/\/serwer1711885.home.pl\/autoinstalator\/wordpress3\/wp-content\/uploads\/1-1-768x104.jpg 768w, https:\/\/serwer1711885.home.pl\/autoinstalator\/wordpress3\/wp-content\/uploads\/1-1-1280x173.jpg 1280w, https:\/\/serwer1711885.home.pl\/autoinstalator\/wordpress3\/wp-content\/uploads\/1-1-600x81.jpg 600w\" sizes=\"auto, (max-width: 649px) 100vw, 649px\" \/><\/p>\n<p>&nbsp;<\/p>\n<h2><strong>Szkolenia i doradztwo dla kadr poradnictwa psychologiczno-pedagogicznego<\/strong><\/h2>\n<p>Przedsi\u0119wzi\u0119cia grantowe realizowane w\u00a0ramach projektu pozakonkursowego O\u015brodka Rozwoju Edukacji pn.\u00a0\u201eSzkolenia i\u00a0doradztwo dla kadr poradnictwa psychologiczno-pedagogicznego\u201d realizowanego na\u00a0podstawie decyzji Ministra Edukacji Narodowej nr\u00a0POWR.02.10.00-00-0011\/20 z\u00a0dnia 10 lutego 2021 r. w\u00a0ramach Programu Operacyjnego Wiedza Edukacja Rozw\u00f3j 2014-2020 nr\u00a0Osi Priorytetowej II\u00a0\u2013 Efektywne Polityki Publiczne dla Rynku Pracy, Gospodarki i\u00a0Edukacji, Dzia\u0142ania 2.10 Wysoka jako\u015b\u0107 systemu o\u015bwiaty wsp\u00f3\u0142finansowanego ze\u00a0\u015brodk\u00f3w Europejskiego Funduszu Spo\u0142ecznego.<\/p>\n<p>Projekt realizowany na podstawie UMOWY nr 06\/2022 powierzenia przedsi\u0119wzi\u0119cia grantowego pomi\u0119dzy ORE a Miastem Bia\u0142ystok, w imieniu kt\u00f3rego dzia\u0142a Poradnia Psychologiczno-Pedagogiczna nr 2 w Bia\u0142ymstoku, ul. Mazowiecka 35, 15-301 Bia\u0142ystok ze Specjalistyczn\u0105 Poradni\u0105 Psychologiczno-Pedagogiczn\u0105 dla Dzieci i M\u0142odzie\u017cy z Zaburzeniami Emocjonalnymi w Bia\u0142ymstoku pe\u0142ni\u0105c w projekcie rol\u0119 poradni koordynuj\u0105cych<\/p>\n<p><strong>KWOTA GRANTU \u2013 350\u00a0000,00 z\u0142<\/strong><\/p>\n<p>DOFINANSOWANIE ZE \u015aROD\u00d3W UNII EUROPEJSKIEJ 297 500,00 z\u0142<\/p>\n<p>DOFINANSOWANIE ZE \u015aRODK\u00d3W BUD\u017bETU PA\u0143STWA \u00a0\u00a0\u00a0\u00a0\u00a052 500,00 z\u0142<\/p>\n<p><strong>Cele projektu:<\/strong><\/p>\n<ol>\n<li>przygotowanie kadr poradni psychologiczno-pedagogicznych we\u00a0wsp\u00f3\u0142pracy z\u00a0kadr\u0105 szk\u00f3\u0142, przedszkoli, plac\u00f3wek w\u00a0zakresie wykorzystania opracowanych narz\u0119dzi diagnostycznych z\u00a0obszaru poznawczego, emocjonalno-spo\u0142ecznego, osobowo\u015bciowego,<\/li>\n<li>wsparcie pracownik\u00f3w poradni psychologiczno-pedagogicznych we\u00a0wdra\u017caniu na terenie szk\u00f3\u0142 i przedszkoli modelowych rozwi\u0105za\u0144 z\u00a0zakresu prowadzenia oceny funkcjonalnej i\u00a0dzia\u0142a\u0144 postdiagnostycznych z\u00a0uwzgl\u0119dnieniem zr\u00f3\u017cnicowanych potrzeb edukacyjnych i\u00a0rozwojowych, w\u00a0tym wynikaj\u0105cych z\u00a0niepe\u0142nosprawno\u015bci dzieci i\u00a0uczni\u00f3w.<\/li>\n<\/ol>\n<p>Projekt jest realizowany w wojew\u00f3dztwie podlaskim od 1.09.2022 r. do 31.08.2023r<\/p>\n<p><img loading=\"lazy\" decoding=\"async\" class=\"aligncenter wp-image-1201 size-large\" src=\"https:\/\/serwer1711885.home.pl\/autoinstalator\/wordpress3\/wp-content\/uploads\/loga-1024x134.jpg\" alt=\"\" width=\"1024\" height=\"134\" srcset=\"https:\/\/serwer1711885.home.pl\/autoinstalator\/wordpress3\/wp-content\/uploads\/loga-1024x134.jpg 1024w, https:\/\/serwer1711885.home.pl\/autoinstalator\/wordpress3\/wp-content\/uploads\/loga-300x39.jpg 300w, https:\/\/serwer1711885.home.pl\/autoinstalator\/wordpress3\/wp-content\/uploads\/loga-768x101.jpg 768w, https:\/\/serwer1711885.home.pl\/autoinstalator\/wordpress3\/wp-content\/uploads\/loga-600x79.jpg 600w, https:\/\/serwer1711885.home.pl\/autoinstalator\/wordpress3\/wp-content\/uploads\/loga.jpg 1212w\" sizes=\"auto, (max-width: 1024px) 100vw, 1024px\" \/><\/p>\n<p>&nbsp;<\/p>\n<hr \/>\n<p>&nbsp;<\/p>\n<p><img loading=\"lazy\" decoding=\"async\" class=\"wp-image-1172 aligncenter\" src=\"https:\/\/serwer1711885.home.pl\/autoinstalator\/wordpress3\/wp-content\/uploads\/1-1.jpg\" alt=\"\" width=\"649\" height=\"88\" srcset=\"https:\/\/serwer1711885.home.pl\/autoinstalator\/wordpress3\/wp-content\/uploads\/1-1.jpg 1387w, https:\/\/serwer1711885.home.pl\/autoinstalator\/wordpress3\/wp-content\/uploads\/1-1-300x41.jpg 300w, https:\/\/serwer1711885.home.pl\/autoinstalator\/wordpress3\/wp-content\/uploads\/1-1-1024x139.jpg 1024w, https:\/\/serwer1711885.home.pl\/autoinstalator\/wordpress3\/wp-content\/uploads\/1-1-768x104.jpg 768w, https:\/\/serwer1711885.home.pl\/autoinstalator\/wordpress3\/wp-content\/uploads\/1-1-1280x173.jpg 1280w, https:\/\/serwer1711885.home.pl\/autoinstalator\/wordpress3\/wp-content\/uploads\/1-1-600x81.jpg 600w\" sizes=\"auto, (max-width: 649px) 100vw, 649px\" \/><\/p>\n<p><strong>Diagnoza funkcjonalna<\/strong> \u2013 to dzia\u0142anie, kt\u00f3re daje mo\u017cliwo\u015b\u0107 wieloaspektowego rozpoznania przyczyn zak\u0142\u00f3ce\u0144 w har\u00admonijnym przebiegu rozwoju dziecka\/ucznia, pozwalaj\u0105c na jednoczesne uwzgl\u0119dnianie czynnik\u00f3w biologicznych i uwarunkowa\u0144 spo\u0142ecznych, a zw\u0142aszcza na dostrzeganie zjawisk wynikaj\u0105cych z ich wzajemnych oddzia\u0142ywa\u0144, kt\u00f3rych konsekwencj\u0105 s\u0105 \u2013 trudne do uchwycenia \u2013 powik\u0142ania przyczy\u00adnowo skutkowe prowadz\u0105ce do zaburze\u0144 w uczeniu si\u0119 i rozwoju osobowo\u015bci. Trafne rozpoznawanie tych powik\u0142a\u0144 stanowi g\u0142\u00f3wne zadanie diagnozy zmierzaj\u0105cej do okre\u015blenia specjalnych potrzeb rozwojowych i\/lub edukacyjnych dziecka\/ucznia w spos\u00f3b umo\u017cliwiaj\u0105cy poszukiwanie w\u0142a\u015bciwych rozwi\u0105za\u0144 zaradczych.<\/p>\n<p>Wynik diagnozy nie mo\u017ce by\u0107 traktowany jako statyczny obraz niedostatk\u00f3w dziecka\/ucznia, ale jako dynamiczny opis przemian rozwojowych, podlegaj\u0105cy ustawicznej weryfikacji, uzupe\u0142nieniom i modyfikacjom w toku pracy terapeutyczno-edukacyj\u00adnej.<\/p>\n<p><strong><em>Kazimiera Krakowiak<\/em><\/strong><\/p>\n<p><em>Katolicki Uniwersytet Lubelski Jana Paw\u0142a II <\/em><\/p>\n<p><em>Instytut Pedagogiki, Katedra Pedagogiki Specjalnej<\/em><\/p>\n<p><em>\u00a0<\/em><\/p>\n<p><strong>\u201eSZKOLENIA I DORADZTWO DLA KADR PORADNICTWA PSYCHOLOGICZNO &#8211; PEDAGOGICZNEGO W WOJEW\u00d3DZTWIE PODLASKIM\u201d<\/strong><strong>\u00a0<\/strong><\/p>\n<p><strong>Projekt <\/strong>realizowany przez O\u015brodek Rozwoju Edukacji na\u00a0podstawie decyzji Ministra Edukacji Narodowej nr\u00a0POWR.02.10.00-00-0011\/20 z\u00a0dnia 10 lutego 2021 r. w\u00a0ramach Programu Operacyjnego Wiedza Edukacja Rozw\u00f3j 2014-2020 nr\u00a0Osi Priorytetowej II\u00a0\u2013 Efektywne Polityki Publiczne dla Rynku Pracy, Gospodarki i\u00a0Edukacji, Dzia\u0142ania 2.10 Wysoka jako\u015b\u0107 systemu o\u015bwiaty wsp\u00f3\u0142finansowanego ze\u00a0\u015brodk\u00f3w Europejskiego Funduszu Spo\u0142ecznego.<\/p>\n<p><strong>Grantobiorc\u0105 projektu jest Miasto Bia\u0142ystok<\/strong><strong>, a realizatorem &#8211; <\/strong>na mocy udzielonego przez Prezydenta Miasta Bia\u0142egostoku pe\u0142nomocnictwa\u00a0 &#8211; <strong>koordynuj\u0105ca <\/strong>Poradnia Psychologiczno-Pedagogiczna nr 2 w Bia\u0142ymstoku\u00a0 we wsp\u00f3\u0142pracy z\u00a0 Specjalistyczn\u0105 Poradni\u0105 Psychologiczno-Pedagogiczn\u0105 dla Dzieci i M\u0142odzie\u017cy z Zaburzeniami Emocjonalnymi w Bia\u0142ymstoku.<\/p>\n<p><strong>Celem projektu<\/strong> \u00a0jest :<\/p>\n<p>&#8211; przygotowanie kadr poradni psychologiczno-pedagogicznych w\u00a0zakresie wykorzystania opracowanych narz\u0119dzi diagnostycznych z\u00a0obszaru poznawczego, emocjonalno-spo\u0142ecznego, osobowo\u015bciowego<\/p>\n<p>&#8211; wsparcie pracownik\u00f3w poradni psychologiczno-pedagogicznych we\u00a0wdra\u017caniu na terenie szk\u00f3\u0142 i przedszkoli modelowych rozwi\u0105za\u0144 z\u00a0zakresu prowadzenia oceny funkcjonalnej i\u00a0dzia\u0142a\u0144 postdiagnostycznych z\u00a0uwzgl\u0119dnieniem zr\u00f3\u017cnicowanych potrzeb edukacyjnych i\u00a0rozwojowych, w\u00a0tym wynikaj\u0105cych z\u00a0niepe\u0142nosprawno\u015bci dzieci i\u00a0uczni\u00f3w.<\/p>\n<p><strong>Zakres zada\u0144, do\u00a0realizacji kt\u00f3rych \u00a0zobligowany jest Grantobiorca, obejmuje w\u00a0szczeg\u00f3lno\u015bci:<\/strong><\/p>\n<ol>\n<li>Skierowanie 4 psycholog\u00f3w na\u00a0szkolenie do\u00a0ORE przygotowuj\u0105ce do\u00a0prowadzenia szkole\u0144 dla pracownik\u00f3w publicznych i niepublicznych poradni psychologiczno-pedagogicznych.<\/li>\n<li>Zorganizowanie i\u00a0przeprowadzenie szkole\u0144 i\u00a0doradztwa dla pracownik\u00f3w poradni psychologiczno-pedagogicznych na\u00a0terenie wojew\u00f3dztwa podlaskiego dla \u0142\u0105cznej grupy 90 os\u00f3b \u2013 b\u0119d\u0105 to\u00a0szkolenia prowadzone przez\u00a0pracownik\u00f3w poradni koordynuj\u0105cych, przygotowanych przez\u00a0ORE w\u00a0zakresie prowadzenia oceny funkcjonalnej z\u00a0wykorzystaniem narz\u0119dzi wskazanych podczas szkole\u0144.<\/li>\n<li>Opracowanie i\u00a0przeprowadzenie diagnozy potrzeb \u015brodowiska lokalnego w\u00a0zakresie uzyskania wsparcia dla uczni\u00f3w o zr\u00f3\u017cnicowanych potrzebach edukacyjnych i\u00a0rozwojowych z\u00a0wykorzystaniem oceny funkcjonalnej.<\/li>\n<li>Przeprowadzenie we\u00a0 wsp\u00f3\u0142pracy ze\u00a0szko\u0142ami procedury oceny funkcjonalnej z\u00a0wykorzystaniem narz\u0119dzi wskazanych podczas szkole\u0144 oraz\u00a0 zaplanowanie i\u00a0przeprowadzenie dzia\u0142a\u0144 postdiagnostycznych \u2013 wdro\u017cenie w\u00a0praktyce przyj\u0119tych rozwi\u0105za\u0144 w\u00a0zakresie oceny funkcjonalnej w\u00a0grupie minimum 50 uczni\u00f3w.<\/li>\n<li>Monitorowanie dzia\u0142a\u0144 szkoleniowych i\u00a0wdro\u017ceniowych, w\u00a0tym dba\u0142o\u015b\u0107 o\u00a0ich realizacj\u0119 zgodnie z\u00a0zasadami ustalonymi w\u00a0projekcie grantowym.<\/li>\n<\/ol>\n<p><strong>Termin realizacji projektu<\/strong><\/p>\n<p>Projekt jest realizowany w wojew\u00f3dztwie podlaskim od\u00a01.09.2022 r. do\u00a031.08.2023r<\/p>\n<p><img loading=\"lazy\" decoding=\"async\" class=\"aligncenter wp-image-1201 size-large\" src=\"https:\/\/serwer1711885.home.pl\/autoinstalator\/wordpress3\/wp-content\/uploads\/loga-1024x134.jpg\" alt=\"\" width=\"1024\" height=\"134\" srcset=\"https:\/\/serwer1711885.home.pl\/autoinstalator\/wordpress3\/wp-content\/uploads\/loga-1024x134.jpg 1024w, https:\/\/serwer1711885.home.pl\/autoinstalator\/wordpress3\/wp-content\/uploads\/loga-300x39.jpg 300w, https:\/\/serwer1711885.home.pl\/autoinstalator\/wordpress3\/wp-content\/uploads\/loga-768x101.jpg 768w, https:\/\/serwer1711885.home.pl\/autoinstalator\/wordpress3\/wp-content\/uploads\/loga-600x79.jpg 600w, https:\/\/serwer1711885.home.pl\/autoinstalator\/wordpress3\/wp-content\/uploads\/loga.jpg 1212w\" sizes=\"auto, (max-width: 1024px) 100vw, 1024px\" \/><\/p>\n<p>&nbsp;<\/p>\n<p>&nbsp;<\/p>\n","protected":false},"excerpt":{"rendered":"<p>&nbsp; Szkolenia i doradztwo dla kadr poradnictwa psychologiczno-pedagogicznego Przedsi\u0119wzi\u0119cia grantowe realizowane w\u00a0ramach projektu pozakonkursowego O\u015brodka Rozwoju Edukacji pn.\u00a0\u201eSzkolenia i\u00a0doradztwo dla kadr poradnictwa psychologiczno-pedagogicznego\u201d realizowanego na\u00a0podstawie decyzji Ministra Edukacji Narodowej nr\u00a0POWR.02.10.00-00-0011\/20 z\u00a0dnia 10 lutego 2021 r. w\u00a0ramach Programu Operacyjnego Wiedza Edukacja Rozw\u00f3j 2014-2020 nr\u00a0Osi Priorytetowej II\u00a0\u2013 Efektywne Polityki Publiczne dla Rynku Pracy, Gospodarki i\u00a0Edukacji, Dzia\u0142ania 2.10 Wysoka jako\u015b\u0107 systemu o\u015bwiaty wsp\u00f3\u0142finansowanego [&hellip;]<\/p>\n","protected":false},"author":1,"featured_media":0,"parent":0,"menu_order":0,"comment_status":"closed","ping_status":"closed","template":"","meta":{"footnotes":""},"class_list":["post-1206","page","type-page","status-publish","hentry"],"yoast_head":"<!-- This site is optimized with the Yoast SEO plugin v27.4 - https:\/\/yoast.com\/product\/yoast-seo-wordpress\/ -->\n<title>&quot;SZKOLENIA I DORADZTWO DLA KADR PORADNICTWA PSYCHOLOGICZNO - PEDAGOGICZNEGO W WOJEW\u00d3DZTWIE PODLASKIM&quot; - SPECJALISTYCZNA PORADNIA PSYCHOLOGICZNO-PEDAGOGICZNA DLA DZIECI I M\u0141ODZIE\u017bY Z ZABURZENIAMI EMOCJONALNYMI<\/title>\n<meta name=\"robots\" content=\"index, follow, max-snippet:-1, max-image-preview:large, max-video-preview:-1\" \/>\n<link rel=\"canonical\" href=\"https:\/\/sppp.bialystok.pl\/?page_id=1206\" \/>\n<meta property=\"og:locale\" content=\"pl_PL\" \/>\n<meta property=\"og:type\" content=\"article\" \/>\n<meta property=\"og:title\" content=\"&quot;SZKOLENIA I DORADZTWO DLA KADR PORADNICTWA PSYCHOLOGICZNO - PEDAGOGICZNEGO W WOJEW\u00d3DZTWIE PODLASKIM&quot; - SPECJALISTYCZNA PORADNIA PSYCHOLOGICZNO-PEDAGOGICZNA DLA DZIECI I M\u0141ODZIE\u017bY Z ZABURZENIAMI EMOCJONALNYMI\" \/>\n<meta property=\"og:description\" content=\"&nbsp; Szkolenia i doradztwo dla kadr poradnictwa psychologiczno-pedagogicznego Przedsi\u0119wzi\u0119cia grantowe realizowane w\u00a0ramach projektu pozakonkursowego O\u015brodka Rozwoju Edukacji pn.\u00a0\u201eSzkolenia i\u00a0doradztwo dla kadr poradnictwa psychologiczno-pedagogicznego\u201d realizowanego na\u00a0podstawie decyzji Ministra Edukacji Narodowej nr\u00a0POWR.02.10.00-00-0011\/20 z\u00a0dnia 10 lutego 2021 r. w\u00a0ramach Programu Operacyjnego Wiedza Edukacja Rozw\u00f3j 2014-2020 nr\u00a0Osi Priorytetowej II\u00a0\u2013 Efektywne Polityki Publiczne dla Rynku Pracy, Gospodarki i\u00a0Edukacji, Dzia\u0142ania 2.10 Wysoka jako\u015b\u0107 systemu o\u015bwiaty wsp\u00f3\u0142finansowanego [&hellip;]\" \/>\n<meta property=\"og:url\" content=\"https:\/\/sppp.bialystok.pl\/?page_id=1206\" \/>\n<meta property=\"og:site_name\" content=\"SPECJALISTYCZNA PORADNIA PSYCHOLOGICZNO-PEDAGOGICZNA DLA DZIECI I M\u0141ODZIE\u017bY Z ZABURZENIAMI EMOCJONALNYMI\" \/>\n<meta property=\"article:modified_time\" content=\"2022-12-14T22:11:35+00:00\" \/>\n<meta property=\"og:image\" content=\"https:\/\/serwer1711885.home.pl\/autoinstalator\/wordpress3\/wp-content\/uploads\/1-1.jpg\" \/>\n<meta name=\"twitter:card\" content=\"summary_large_image\" \/>\n<meta name=\"twitter:label1\" content=\"Szacowany czas czytania\" \/>\n\t<meta name=\"twitter:data1\" content=\"5 minut\" \/>\n<script type=\"application\/ld+json\" class=\"yoast-schema-graph\">{\"@context\":\"https:\\\/\\\/schema.org\",\"@graph\":[{\"@type\":\"WebPage\",\"@id\":\"https:\\\/\\\/sppp.bialystok.pl\\\/?page_id=1206\",\"url\":\"https:\\\/\\\/sppp.bialystok.pl\\\/?page_id=1206\",\"name\":\"\\\"SZKOLENIA I DORADZTWO DLA KADR PORADNICTWA PSYCHOLOGICZNO - PEDAGOGICZNEGO W WOJEW\u00d3DZTWIE PODLASKIM\\\" - SPECJALISTYCZNA PORADNIA PSYCHOLOGICZNO-PEDAGOGICZNA DLA DZIECI I M\u0141ODZIE\u017bY Z ZABURZENIAMI EMOCJONALNYMI\",\"isPartOf\":{\"@id\":\"https:\\\/\\\/sppp.bialystok.pl\\\/#website\"},\"primaryImageOfPage\":{\"@id\":\"https:\\\/\\\/sppp.bialystok.pl\\\/?page_id=1206#primaryimage\"},\"image\":{\"@id\":\"https:\\\/\\\/sppp.bialystok.pl\\\/?page_id=1206#primaryimage\"},\"thumbnailUrl\":\"https:\\\/\\\/serwer1711885.home.pl\\\/autoinstalator\\\/wordpress3\\\/wp-content\\\/uploads\\\/1-1.jpg\",\"datePublished\":\"2022-12-14T21:35:16+00:00\",\"dateModified\":\"2022-12-14T22:11:35+00:00\",\"breadcrumb\":{\"@id\":\"https:\\\/\\\/sppp.bialystok.pl\\\/?page_id=1206#breadcrumb\"},\"inLanguage\":\"pl-PL\",\"potentialAction\":[{\"@type\":\"ReadAction\",\"target\":[\"https:\\\/\\\/sppp.bialystok.pl\\\/?page_id=1206\"]}]},{\"@type\":\"ImageObject\",\"inLanguage\":\"pl-PL\",\"@id\":\"https:\\\/\\\/sppp.bialystok.pl\\\/?page_id=1206#primaryimage\",\"url\":\"https:\\\/\\\/serwer1711885.home.pl\\\/autoinstalator\\\/wordpress3\\\/wp-content\\\/uploads\\\/1-1.jpg\",\"contentUrl\":\"https:\\\/\\\/serwer1711885.home.pl\\\/autoinstalator\\\/wordpress3\\\/wp-content\\\/uploads\\\/1-1.jpg\"},{\"@type\":\"BreadcrumbList\",\"@id\":\"https:\\\/\\\/sppp.bialystok.pl\\\/?page_id=1206#breadcrumb\",\"itemListElement\":[{\"@type\":\"ListItem\",\"position\":1,\"name\":\"Strona g\u0142\u00f3wna\",\"item\":\"https:\\\/\\\/sppp.bialystok.pl\\\/\"},{\"@type\":\"ListItem\",\"position\":2,\"name\":\"&#8222;SZKOLENIA I DORADZTWO DLA KADR PORADNICTWA PSYCHOLOGICZNO &#8211; PEDAGOGICZNEGO W WOJEW\u00d3DZTWIE PODLASKIM&#8221;\"}]},{\"@type\":\"WebSite\",\"@id\":\"https:\\\/\\\/sppp.bialystok.pl\\\/#website\",\"url\":\"https:\\\/\\\/sppp.bialystok.pl\\\/\",\"name\":\"SPECJALISTYCZNA PORADNIA PSYCHOLOGICZNO-PEDAGOGICZNA DLA DZIECI I M\u0141ODZIE\u017bY Z ZABURZENIAMI EMOCJONALNYMI\",\"description\":\"\",\"publisher\":{\"@id\":\"https:\\\/\\\/sppp.bialystok.pl\\\/#organization\"},\"potentialAction\":[{\"@type\":\"SearchAction\",\"target\":{\"@type\":\"EntryPoint\",\"urlTemplate\":\"https:\\\/\\\/sppp.bialystok.pl\\\/?s={search_term_string}\"},\"query-input\":{\"@type\":\"PropertyValueSpecification\",\"valueRequired\":true,\"valueName\":\"search_term_string\"}}],\"inLanguage\":\"pl-PL\"},{\"@type\":\"Organization\",\"@id\":\"https:\\\/\\\/sppp.bialystok.pl\\\/#organization\",\"name\":\"SPECJALISTYCZNA PORADNIA PSYCHOLOGICZNO-PEDAGOGICZNA DLA DZIECI I M\u0141ODZIE\u017bY Z ZABURZENIAMI EMOCJONALNYMI\",\"url\":\"https:\\\/\\\/sppp.bialystok.pl\\\/\",\"logo\":{\"@type\":\"ImageObject\",\"inLanguage\":\"pl-PL\",\"@id\":\"https:\\\/\\\/sppp.bialystok.pl\\\/#\\\/schema\\\/logo\\\/image\\\/\",\"url\":\"https:\\\/\\\/serwer1711885.home.pl\\\/autoinstalator\\\/wordpress3\\\/wp-content\\\/uploads\\\/admin-ajax.php_.png\",\"contentUrl\":\"https:\\\/\\\/serwer1711885.home.pl\\\/autoinstalator\\\/wordpress3\\\/wp-content\\\/uploads\\\/admin-ajax.php_.png\",\"width\":400,\"height\":50,\"caption\":\"SPECJALISTYCZNA PORADNIA PSYCHOLOGICZNO-PEDAGOGICZNA DLA DZIECI I M\u0141ODZIE\u017bY Z ZABURZENIAMI EMOCJONALNYMI\"},\"image\":{\"@id\":\"https:\\\/\\\/sppp.bialystok.pl\\\/#\\\/schema\\\/logo\\\/image\\\/\"}}]}<\/script>\n<!-- \/ Yoast SEO plugin. -->","yoast_head_json":{"title":"\"SZKOLENIA I DORADZTWO DLA KADR PORADNICTWA PSYCHOLOGICZNO - PEDAGOGICZNEGO W WOJEW\u00d3DZTWIE PODLASKIM\" - SPECJALISTYCZNA PORADNIA PSYCHOLOGICZNO-PEDAGOGICZNA DLA DZIECI I M\u0141ODZIE\u017bY Z ZABURZENIAMI EMOCJONALNYMI","robots":{"index":"index","follow":"follow","max-snippet":"max-snippet:-1","max-image-preview":"max-image-preview:large","max-video-preview":"max-video-preview:-1"},"canonical":"https:\/\/sppp.bialystok.pl\/?page_id=1206","og_locale":"pl_PL","og_type":"article","og_title":"\"SZKOLENIA I DORADZTWO DLA KADR PORADNICTWA PSYCHOLOGICZNO - PEDAGOGICZNEGO W WOJEW\u00d3DZTWIE PODLASKIM\" - SPECJALISTYCZNA PORADNIA PSYCHOLOGICZNO-PEDAGOGICZNA DLA DZIECI I M\u0141ODZIE\u017bY Z ZABURZENIAMI EMOCJONALNYMI","og_description":"&nbsp; Szkolenia i doradztwo dla kadr poradnictwa psychologiczno-pedagogicznego Przedsi\u0119wzi\u0119cia grantowe realizowane w\u00a0ramach projektu pozakonkursowego O\u015brodka Rozwoju Edukacji pn.\u00a0\u201eSzkolenia i\u00a0doradztwo dla kadr poradnictwa psychologiczno-pedagogicznego\u201d realizowanego na\u00a0podstawie decyzji Ministra Edukacji Narodowej nr\u00a0POWR.02.10.00-00-0011\/20 z\u00a0dnia 10 lutego 2021 r. w\u00a0ramach Programu Operacyjnego Wiedza Edukacja Rozw\u00f3j 2014-2020 nr\u00a0Osi Priorytetowej II\u00a0\u2013 Efektywne Polityki Publiczne dla Rynku Pracy, Gospodarki i\u00a0Edukacji, Dzia\u0142ania 2.10 Wysoka jako\u015b\u0107 systemu o\u015bwiaty wsp\u00f3\u0142finansowanego [&hellip;]","og_url":"https:\/\/sppp.bialystok.pl\/?page_id=1206","og_site_name":"SPECJALISTYCZNA PORADNIA PSYCHOLOGICZNO-PEDAGOGICZNA DLA DZIECI I M\u0141ODZIE\u017bY Z ZABURZENIAMI EMOCJONALNYMI","article_modified_time":"2022-12-14T22:11:35+00:00","og_image":[{"url":"https:\/\/serwer1711885.home.pl\/autoinstalator\/wordpress3\/wp-content\/uploads\/1-1.jpg","type":"","width":"","height":""}],"twitter_card":"summary_large_image","twitter_misc":{"Szacowany czas czytania":"5 minut"},"schema":{"@context":"https:\/\/schema.org","@graph":[{"@type":"WebPage","@id":"https:\/\/sppp.bialystok.pl\/?page_id=1206","url":"https:\/\/sppp.bialystok.pl\/?page_id=1206","name":"\"SZKOLENIA I DORADZTWO DLA KADR PORADNICTWA PSYCHOLOGICZNO - PEDAGOGICZNEGO W WOJEW\u00d3DZTWIE PODLASKIM\" - SPECJALISTYCZNA PORADNIA PSYCHOLOGICZNO-PEDAGOGICZNA DLA DZIECI I M\u0141ODZIE\u017bY Z ZABURZENIAMI EMOCJONALNYMI","isPartOf":{"@id":"https:\/\/sppp.bialystok.pl\/#website"},"primaryImageOfPage":{"@id":"https:\/\/sppp.bialystok.pl\/?page_id=1206#primaryimage"},"image":{"@id":"https:\/\/sppp.bialystok.pl\/?page_id=1206#primaryimage"},"thumbnailUrl":"https:\/\/serwer1711885.home.pl\/autoinstalator\/wordpress3\/wp-content\/uploads\/1-1.jpg","datePublished":"2022-12-14T21:35:16+00:00","dateModified":"2022-12-14T22:11:35+00:00","breadcrumb":{"@id":"https:\/\/sppp.bialystok.pl\/?page_id=1206#breadcrumb"},"inLanguage":"pl-PL","potentialAction":[{"@type":"ReadAction","target":["https:\/\/sppp.bialystok.pl\/?page_id=1206"]}]},{"@type":"ImageObject","inLanguage":"pl-PL","@id":"https:\/\/sppp.bialystok.pl\/?page_id=1206#primaryimage","url":"https:\/\/serwer1711885.home.pl\/autoinstalator\/wordpress3\/wp-content\/uploads\/1-1.jpg","contentUrl":"https:\/\/serwer1711885.home.pl\/autoinstalator\/wordpress3\/wp-content\/uploads\/1-1.jpg"},{"@type":"BreadcrumbList","@id":"https:\/\/sppp.bialystok.pl\/?page_id=1206#breadcrumb","itemListElement":[{"@type":"ListItem","position":1,"name":"Strona g\u0142\u00f3wna","item":"https:\/\/sppp.bialystok.pl\/"},{"@type":"ListItem","position":2,"name":"&#8222;SZKOLENIA I DORADZTWO DLA KADR PORADNICTWA PSYCHOLOGICZNO &#8211; PEDAGOGICZNEGO W WOJEW\u00d3DZTWIE PODLASKIM&#8221;"}]},{"@type":"WebSite","@id":"https:\/\/sppp.bialystok.pl\/#website","url":"https:\/\/sppp.bialystok.pl\/","name":"SPECJALISTYCZNA PORADNIA PSYCHOLOGICZNO-PEDAGOGICZNA DLA DZIECI I M\u0141ODZIE\u017bY Z ZABURZENIAMI EMOCJONALNYMI","description":"","publisher":{"@id":"https:\/\/sppp.bialystok.pl\/#organization"},"potentialAction":[{"@type":"SearchAction","target":{"@type":"EntryPoint","urlTemplate":"https:\/\/sppp.bialystok.pl\/?s={search_term_string}"},"query-input":{"@type":"PropertyValueSpecification","valueRequired":true,"valueName":"search_term_string"}}],"inLanguage":"pl-PL"},{"@type":"Organization","@id":"https:\/\/sppp.bialystok.pl\/#organization","name":"SPECJALISTYCZNA PORADNIA PSYCHOLOGICZNO-PEDAGOGICZNA DLA DZIECI I M\u0141ODZIE\u017bY Z ZABURZENIAMI EMOCJONALNYMI","url":"https:\/\/sppp.bialystok.pl\/","logo":{"@type":"ImageObject","inLanguage":"pl-PL","@id":"https:\/\/sppp.bialystok.pl\/#\/schema\/logo\/image\/","url":"https:\/\/serwer1711885.home.pl\/autoinstalator\/wordpress3\/wp-content\/uploads\/admin-ajax.php_.png","contentUrl":"https:\/\/serwer1711885.home.pl\/autoinstalator\/wordpress3\/wp-content\/uploads\/admin-ajax.php_.png","width":400,"height":50,"caption":"SPECJALISTYCZNA PORADNIA PSYCHOLOGICZNO-PEDAGOGICZNA DLA DZIECI I M\u0141ODZIE\u017bY Z ZABURZENIAMI EMOCJONALNYMI"},"image":{"@id":"https:\/\/sppp.bialystok.pl\/#\/schema\/logo\/image\/"}}]}},"_links":{"self":[{"href":"https:\/\/sppp.bialystok.pl\/index.php?rest_route=\/wp\/v2\/pages\/1206","targetHints":{"allow":["GET"]}}],"collection":[{"href":"https:\/\/sppp.bialystok.pl\/index.php?rest_route=\/wp\/v2\/pages"}],"about":[{"href":"https:\/\/sppp.bialystok.pl\/index.php?rest_route=\/wp\/v2\/types\/page"}],"author":[{"embeddable":true,"href":"https:\/\/sppp.bialystok.pl\/index.php?rest_route=\/wp\/v2\/users\/1"}],"replies":[{"embeddable":true,"href":"https:\/\/sppp.bialystok.pl\/index.php?rest_route=%2Fwp%2Fv2%2Fcomments&post=1206"}],"version-history":[{"count":3,"href":"https:\/\/sppp.bialystok.pl\/index.php?rest_route=\/wp\/v2\/pages\/1206\/revisions"}],"predecessor-version":[{"id":1208,"href":"https:\/\/sppp.bialystok.pl\/index.php?rest_route=\/wp\/v2\/pages\/1206\/revisions\/1208"}],"wp:attachment":[{"href":"https:\/\/sppp.bialystok.pl\/index.php?rest_route=%2Fwp%2Fv2%2Fmedia&parent=1206"}],"curies":[{"name":"wp","href":"https:\/\/api.w.org\/{rel}","templated":true}]}}