{"id":1122,"date":"2021-10-15T10:33:45","date_gmt":"2021-10-15T09:33:45","guid":{"rendered":"https:\/\/sppp.bialystok.pl\/?page_id=1122"},"modified":"2025-04-01T08:38:23","modified_gmt":"2025-04-01T07:38:23","slug":"deklaracja-dostepnosci","status":"publish","type":"page","link":"https:\/\/sppp.bialystok.pl\/?page_id=1122","title":{"rendered":"Deklaracja Dost\u0119pno\u015bci"},"content":{"rendered":"<p><strong>Deklaracja Dost\u0119pno\u015bci<\/strong><\/p>\n<p>Specjalistyczna Poradnia Psychologiczno \u2013 Pedagogiczna dla Dzieci i M\u0142odzie\u017cy z Zaburzeniami Emocjonalnymi \u00a0w Bia\u0142ymstoku zobowi\u0105zuje si\u0119 zapewni\u0107 dost\u0119pno\u015b\u0107 swojej strony internetowej zgodnie z\u00a0przepisami ustawy z\u00a0dnia 4\u00a0kwietnia 2019\u00a0r. o\u00a0dost\u0119pno\u015bci cyfrowej stron internetowych i\u00a0aplikacji mobilnych podmiot\u00f3w publicznych (Dz. U. z 2019 r., poz. 848). O\u015bwiadczenie w\u00a0sprawie dost\u0119pno\u015bci ma zastosowanie do \u00a0sppp.bialystok.pl<\/p>\n<ul>\n<li>Data publikacji strony internetowej: 28.01.2015<\/li>\n<li>Data ostatniej istotnej aktualizacji strony internetowej 04.03.2017<\/li>\n<\/ul>\n<p><strong>DOST\u0118PNO\u015a\u0106 CYFROWA<\/strong><\/p>\n<p><strong>Status pod wzgl\u0119dem zgodno\u015bci z\u00a0ustaw\u0105<\/strong><\/p>\n<p>Strona internetowa jest <strong>cz\u0119\u015bciowo zgodna<\/strong> z\u00a0ustaw\u0105 z\u00a0dnia 4 kwietnia 2019\u00a0r. o\u00a0dost\u0119pno\u015bci cyfrowej stron internetowych i\u00a0aplikacji mobilnych podmiot\u00f3w publicznych.<\/p>\n<p>Strona internetowa zawiera niezgodno\u015bci lub wy\u0142\u0105czenia wymienione poni\u017cej.<\/p>\n<ul>\n<li>obrazy\/zdj\u0119cia dodane do tre\u015bci strony nie posiadaj\u0105 tekstu alternatywnego pozwalaj\u0105cego zapozna\u0107 si\u0119 z tre\u015bci\u0105 obrazu,<\/li>\n<li>brak opis\u00f3w zdj\u0119\u0107, tekstu alternatywnego dla czytnik\u00f3w obs\u0142ugiwanych przez osoby niepe\u0142nosprawne,<\/li>\n<li>niekt\u00f3re informacje zamieszczone w postaci za\u0142\u0105cznik\u00f3w (dost\u0119pne w formacie pdf lub w formacie doc) z uwagi na charakter informacji jaki jest niezb\u0119dny do opublikowania informacji, ze wzgl\u0119du na sw\u00f3j format wymagaj\u0105 zewn\u0119trznych narz\u0119dzi u\u0142atwiaj\u0105cych ich dost\u0119pno\u015b\u0107,<\/li>\n<li>filmy nie posiadaj\u0105 napis\u00f3w dla os\u00f3b g\u0142uchych,<\/li>\n<li>zdj\u0119cia z wydarze\u0144 nie posiadaj\u0105 pe\u0142nych opis\u00f3w alternatywnych.<\/li>\n<\/ul>\n<p>Powody wy\u0142\u0105czenia: cz\u0119\u015b\u0107 tre\u015bci pochodzi ze strony, kt\u00f3ra zosta\u0142a zaprojektowana przed wej\u015bciem w \u017cycie ustawy o dost\u0119pno\u015bci cyfrowej, poprawienie dost\u0119pno\u015bci strony nios\u0142oby za sob\u0105 nadmierne obci\u0105\u017cenia dla podmiotu publicznego, administratorzy\/redaktorzy dok\u0142adaj\u0105 wszelkich stara\u0144 aby dane zamieszczone na stronie by\u0142y zrozumia\u0142e oraz formatowane w spos\u00f3b zgodny z zasadami dost\u0119pno\u015bci.<\/p>\n<p><strong>Przygotowanie deklaracji w\u00a0sprawie dost\u0119pno\u015bci<\/strong><\/p>\n<ul>\n<li>Deklaracj\u0119 Dost\u0119pno\u015bci sporz\u0105dzono dnia: 29.03.2021<\/li>\n<li>Deklaracja Dost\u0119pno\u015bci zosta\u0142a ostatnio poddana przegl\u0105dowi i aktualizacji dnia: 31.03.2025<\/li>\n<\/ul>\n<p>Deklaracj\u0119 sporz\u0105dzono na podstawie samooceny przeprowadzonej przez podmiot publiczny. <strong>\u00a0<\/strong><\/p>\n<p><strong>INFORMACJE DLA U\u017bYTKOWNIK\u00d3W NIEPE\u0141NOSPRAWNYCH<\/strong><\/p>\n<ul>\n<li>U\u017cytkownicy korzystaj\u0105cy wy\u0142\u0105cznie z klawiatury mog\u0105 swobodnie porusza\u0107 si\u0119 po serwisie za pomoc\u0105 klawisza Tab.<\/li>\n<li>Linki \u2013 tak\u017ce te prowadz\u0105ce do serwis\u00f3w zewn\u0119trznych \u2013 otwieraj\u0105 si\u0119 w tym samym oknie.<\/li>\n<li>Kontrast tekstu do t\u0142a \u2013 dzi\u0119ki temu materia\u0142y osadzone na stronie s\u0105 czytelne tak\u017ce dla os\u00f3b s\u0142abiej widz\u0105cych.<\/li>\n<li>Staramy si\u0119 pisa\u0107 zrozumia\u0142e teksty oraz formatowa\u0107 je w spos\u00f3b zgodny z zasadami dost\u0119pno\u015bci.<\/li>\n<li>Zdj\u0119cia i grafiki w serwisie maj\u0105 alternatywne opisy, aby ich tre\u015b\u0107 by\u0142a dost\u0119pna dla os\u00f3b niewidomych oraz os\u00f3b kt\u00f3re nie wy\u015bwietlaj\u0105 grafiki na przyk\u0142ad na urz\u0105dzeniach mobilnych.<\/li>\n<li>Brak dost\u0119pno\u015bci j\u0119zyka migowego.<\/li>\n<\/ul>\n<p>Strona internetowa jest wyposa\u017cona w mechanizmy u\u0142atwiaj\u0105ce przegl\u0105danie tre\u015bci przez osoby niedowidz\u0105ce nie korzystaj\u0105ce z technologii asystuj\u0105cych:<\/p>\n<ul>\n<li>zmiana kontrastu;<\/li>\n<li>pod\u015bwietlenie link\u00f3w;<\/li>\n<li>zmiana wielko\u015bci czcionki;<\/li>\n<li>zmiana odst\u0119p\u00f3w mi\u0119dzy wyrazami i poszczeg\u00f3lnymi wierszami tekstu;<\/li>\n<li>ustawienia przyjazne dla dyslektyk\u00f3w;<\/li>\n<li>zmiana wielko\u015bci kursora;<\/li>\n<li>oprawa graficzna serwisu oparta jest na stylach.<\/li>\n<\/ul>\n<p><strong>INFORMACJE ZWROTNE I DANE KONTAKTOWE<\/strong><\/p>\n<p>W przypadku problem\u00f3w z dost\u0119pno\u015bci\u0105 strony internetowej prosimy o kontakt. Osob\u0105 kontaktow\u0105 jest pan Daniel\u00a0 Baranowski <a href=\"mailto:admin@sppp.bialystok.pl\">admin@sppp.bialystok.pl<\/a> \u00a0Kontaktowa\u0107 mo\u017cna si\u0119 tak\u017ce dzwoni\u0105c na numer telefonu <u>85\u00a0732 86 66\u00a0 <\/u>\u00a0T\u0105 sam\u0105 drog\u0105 mo\u017cna sk\u0142ada\u0107 wnioski o udost\u0119pnienie informacji niedost\u0119pnej oraz sk\u0142ada\u0107 skargi na brak zapewnienia dost\u0119pno\u015bci.<\/p>\n<p>Ka\u017cdy ma prawo do:<\/p>\n<ul>\n<li>zg\u0142oszenia uwag dotycz\u0105cych dost\u0119pno\u015bci cyfrowej strony internetowej lub jakiego\u015b jej elementu;<\/li>\n<li>\u017c\u0105dania zapewnienia dost\u0119pno\u015bci cyfrowej strony internetowej lub jakiego\u015b jej elementu;<\/li>\n<li>\u017c\u0105dania udost\u0119pnienia informacji za pomoc\u0105 alternatywnego sposobu dost\u0119pu, na przyk\u0142ad przez odczytanie niedost\u0119pnego cyfrowo dokumentu, opisanie zawarto\u015bci filmu bez audiodeskrypcji itp.<\/li>\n<\/ul>\n<p>\u017b\u0105danie powinno zawiera\u0107:<\/p>\n<ul>\n<li>dane osoby zg\u0142aszaj\u0105cej \u017c\u0105danie, w\u00a0tym wskazanie sposobu realizacji kontaktu;<\/li>\n<li>wskazanie, o\u00a0kt\u00f3r\u0105 stron\u0119 internetow\u0105 lub jej element chodzi;<\/li>\n<li>je\u017celi osoba \u017c\u0105daj\u0105ca zg\u0142asza potrzeb\u0119 otrzymania informacji za pomoc\u0105 alternatywnego sposobu dost\u0119pu, powinna tak\u017ce okre\u015bli\u0107 dogodny dla niej spos\u00f3b przedstawienia tej informacji.<\/li>\n<\/ul>\n<p>Rozpatrzenie zg\u0142oszenia nast\u0105pi niezw\u0142ocznie, nie p\u00f3\u017aniej ni\u017c w\u00a0ci\u0105gu 7\u00a0dni od dnia wyst\u0105pienia z\u00a0\u017c\u0105daniem. Je\u017celi dotrzymanie tego terminu nie b\u0119dzie mo\u017cliwe, nast\u0105pi niezw\u0142oczne poinformowanie o\u00a0tym wnosz\u0105cego \u017c\u0105danie oraz poinformowanie o\u00a0tym, kiedy realizacja \u017c\u0105dania b\u0119dzie mo\u017cliwa, przy czym termin nie b\u0119dzie d\u0142u\u017cszy ni\u017c 2\u00a0miesi\u0105ce od dnia wyst\u0105pienia z\u00a0\u017c\u0105daniem. Je\u017celi zapewnienie dost\u0119pno\u015bci cyfrowej jednak nie b\u0119dzie mo\u017cliwe, mo\u017ce by\u0107 proponowany alternatywny spos\u00f3b dost\u0119pu do informacji.<\/p>\n<p><strong>Skargi i\u00a0odwo\u0142ania<\/strong><\/p>\n<p>W\u00a0przypadku odm\u00f3wienia realizacji \u017c\u0105dania zapewnienia dost\u0119pno\u015bci lub alternatywnego sposobu dost\u0119pu do informacji, wnosz\u0105cy \u017c\u0105danie mo\u017cne z\u0142o\u017cy\u0107 skarg\u0119 w\u00a0sprawie zapewniana dost\u0119pno\u015bci cyfrowej strony internetowej lub elementu strony internetowej. Skarg\u0119 mo\u017cna z\u0142o\u017cy\u0107 do organu nadzoruj\u0105cego z\u00a0wykorzystaniem us\u0142ug poczty tradycyjnej lub drog\u0105 poczty elektronicznej.<\/p>\n<ul>\n<li>Organ nadzoruj\u0105cy:\u00a0 Dyrektor Specjalistycznej Poradni \u00a0Psychologiczno \u2013 Pedagogicznej \u00a0dla Dzieci i M\u0142odzie\u017cy z Zaburzeniami Emocjonalnymi \u00a0w Bia\u0142ymstoku<\/li>\n<li>Adres: ul. Mickiewicza 31\/2\u00a0 15-214 \u00a0Bia\u0142ystok<\/li>\n<li>E-mail: j.dabrowska@sppp.bialystok.pl<\/li>\n<li>Telefon: +48857328666<\/li>\n<\/ul>\n<p>W przypadku, gdy podmiot publiczny odm\u00f3wi realizacji \u017c\u0105dania zapewnienia dost\u0119pno\u015bci lub alternatywnego sposobu dost\u0119pu do informacji, wnosz\u0105cy \u017c\u0105danie mo\u017cne z\u0142o\u017cy\u0107 skarg\u0119 w sprawie zapewniana dost\u0119pno\u015bci cyfrowej strony internetowej, aplikacji mobilnej lub elementu strony internetowej, lub aplikacji mobilnej.<\/p>\n<p>Po wyczerpaniu wskazanej wy\u017cej procedury mo\u017cna tak\u017ce z\u0142o\u017cy\u0107 wniosek do Rzecznika Praw Obywatelskich.<br \/>\nStrona internetowa Rzecznika Praw Obywatelskich: <a href=\"https:\/\/www.rpo.gov.pl\">https:\/\/www.rpo.gov.pl<\/a><\/p>\n<p><strong>DOST\u0118PNO\u015a\u0106 ARCHITEKTONICZNA<\/strong><\/p>\n<p>Specjalistyczna Poradnia Psychologiczno \u2013 Pedagogiczna dla Dzieci i M\u0142odzie\u017cy z Zaburzeniami Emocjonalnymi \u00a0w Bia\u0142ymstoku \u00a0znajduje si\u0119\u00a0 w\u00a0 centrum Bia\u0142egostoku\u00a0 przy ulicy \u00a0Mickiewicza \u00a031\/2\u00a0 Osoby niepe\u0142nosprawne ruchowo, przybywaj\u0105ce do Specjalistycznej\u00a0 Poradni\u00a0 Psychologiczno \u2013 Pedagogiczna dla Dzieci i M\u0142odzie\u017cy z Zaburzeniami Emocjonalnymi w Bia\u0142ymstoku otrzymaj\u0105 niezb\u0119dn\u0105 pomoc od pracownik\u00f3w Poradni. Do budynku gdzie zlokalizowana jest Poradnia prowadzi wej\u015bcie bez \u017cadnych schod\u00f3w. Drzwi wej\u015bciowe\u00a0\u00a0 do budynku\u00a0 s\u0105 przystosowane\u00a0 do przejazdu w\u00f3zka\u00a0 inwalidzkiego \u00a0\u00a0Korytarz, sekretariat\u00a0 i wszystkie gabinety terapeutyczne znajduj\u0105 si\u0119 na poziomie 0. \u00a0W budynku nie ma p\u0119tli indukcyjnych oraz t\u0142umacza j\u0119zyka migowego. W budynku nie ma oznacze\u0144 w alfabecie brajla ani oznacze\u0144 kontrastowych lub w druku powi\u0119kszonym dla os\u00f3b niewidomych i s\u0142abowidz\u0105cych.<\/p>\n<p>Najbli\u017csze miejsce parkingowe dla os\u00f3b z niepe\u0142nosprawno\u015bci\u0105 znajduje si\u0119 przy ulicach\u00a0 Mickiewicza i Konopnickiej\u00a0 \u00a0(ok. 50 metr\u00f3w od budynku Poradni).<strong>\u00a0<\/strong><\/p>\n<p><strong>DOST\u0118PNO\u015a\u0106 INFORMACYJNO-KOMUNIKACYJNA<\/strong><\/p>\n<p>Poradnia zapewnia osobom z niepe\u0142nosprawno\u015bciami mo\u017cliwo\u015b\u0107 komunikowania si\u0119 poprzez:<\/p>\n<ul>\n<li>kontakt telefoniczny (tel. 85 732 86 66),<\/li>\n<li>kontakt korespondencyjny,<\/li>\n<li>przesy\u0142anie wiadomo\u015bci tekstowych, z wykorzystaniem komunikator\u00f3w internetowych,<\/li>\n<li>komunikacj\u0119 audiowizualn\u0105, z wykorzystaniem komunikator\u00f3w internetowych.<\/li>\n<\/ul>\n<p>Na stronie internetowej poradni zamieszczono adres mailowy, co umo\u017cliwia osobom z niepe\u0142nosprawno\u015bciami adekwatny kontakt w celu uzyskania pomocy w rozwi\u0105zaniu zg\u0142aszanych\u00a0 problem\u00f3w.<br \/>\nW poradni nie ma mo\u017cliwo\u015bci skorzystania z pomocy t\u0142umacza j\u0119zyka migowego.<br \/>\nW budynku nie ma p\u0119tli indukcyjnych.<\/p>\n<p><a href=\"https:\/\/serwer1711885.home.pl\/autoinstalator\/wordpress3\/wp-content\/uploads\/Raport-dostepnosci-Poradnia.pdf\">Raport dost\u0119pno\u015bci<\/a><\/p>\n","protected":false},"excerpt":{"rendered":"<p>Deklaracja Dost\u0119pno\u015bci Specjalistyczna Poradnia Psychologiczno \u2013 Pedagogiczna dla Dzieci i M\u0142odzie\u017cy z Zaburzeniami Emocjonalnymi \u00a0w Bia\u0142ymstoku zobowi\u0105zuje si\u0119 zapewni\u0107 dost\u0119pno\u015b\u0107 swojej strony internetowej zgodnie z\u00a0przepisami ustawy z\u00a0dnia 4\u00a0kwietnia 2019\u00a0r. o\u00a0dost\u0119pno\u015bci cyfrowej stron internetowych i\u00a0aplikacji mobilnych podmiot\u00f3w publicznych (Dz. U. z 2019 r., poz. 848). O\u015bwiadczenie w\u00a0sprawie dost\u0119pno\u015bci ma zastosowanie do \u00a0sppp.bialystok.pl Data publikacji strony internetowej: 28.01.2015 Data ostatniej istotnej aktualizacji [&hellip;]<\/p>\n","protected":false},"author":1,"featured_media":0,"parent":0,"menu_order":0,"comment_status":"closed","ping_status":"closed","template":"","meta":{"footnotes":""},"class_list":["post-1122","page","type-page","status-publish","hentry"],"yoast_head":"<!-- This site is optimized with the Yoast SEO plugin v27.4 - https:\/\/yoast.com\/product\/yoast-seo-wordpress\/ -->\n<title>Deklaracja Dost\u0119pno\u015bci - SPECJALISTYCZNA PORADNIA PSYCHOLOGICZNO-PEDAGOGICZNA DLA DZIECI I M\u0141ODZIE\u017bY Z ZABURZENIAMI EMOCJONALNYMI<\/title>\n<meta name=\"robots\" content=\"index, follow, max-snippet:-1, max-image-preview:large, max-video-preview:-1\" \/>\n<link rel=\"canonical\" href=\"https:\/\/sppp.bialystok.pl\/?page_id=1122\" \/>\n<meta property=\"og:locale\" content=\"pl_PL\" \/>\n<meta property=\"og:type\" content=\"article\" \/>\n<meta property=\"og:title\" content=\"Deklaracja Dost\u0119pno\u015bci - SPECJALISTYCZNA PORADNIA PSYCHOLOGICZNO-PEDAGOGICZNA DLA DZIECI I M\u0141ODZIE\u017bY Z ZABURZENIAMI EMOCJONALNYMI\" \/>\n<meta property=\"og:description\" content=\"Deklaracja Dost\u0119pno\u015bci Specjalistyczna Poradnia Psychologiczno \u2013 Pedagogiczna dla Dzieci i M\u0142odzie\u017cy z Zaburzeniami Emocjonalnymi \u00a0w Bia\u0142ymstoku zobowi\u0105zuje si\u0119 zapewni\u0107 dost\u0119pno\u015b\u0107 swojej strony internetowej zgodnie z\u00a0przepisami ustawy z\u00a0dnia 4\u00a0kwietnia 2019\u00a0r. o\u00a0dost\u0119pno\u015bci cyfrowej stron internetowych i\u00a0aplikacji mobilnych podmiot\u00f3w publicznych (Dz. U. z 2019 r., poz. 848). O\u015bwiadczenie w\u00a0sprawie dost\u0119pno\u015bci ma zastosowanie do \u00a0sppp.bialystok.pl Data publikacji strony internetowej: 28.01.2015 Data ostatniej istotnej aktualizacji [&hellip;]\" \/>\n<meta property=\"og:url\" content=\"https:\/\/sppp.bialystok.pl\/?page_id=1122\" \/>\n<meta property=\"og:site_name\" content=\"SPECJALISTYCZNA PORADNIA PSYCHOLOGICZNO-PEDAGOGICZNA DLA DZIECI I M\u0141ODZIE\u017bY Z ZABURZENIAMI EMOCJONALNYMI\" \/>\n<meta property=\"article:modified_time\" content=\"2025-04-01T07:38:23+00:00\" \/>\n<meta name=\"twitter:card\" content=\"summary_large_image\" \/>\n<meta name=\"twitter:label1\" content=\"Szacowany czas czytania\" \/>\n\t<meta name=\"twitter:data1\" content=\"6 minut\" \/>\n<script type=\"application\/ld+json\" class=\"yoast-schema-graph\">{\"@context\":\"https:\\\/\\\/schema.org\",\"@graph\":[{\"@type\":\"WebPage\",\"@id\":\"https:\\\/\\\/sppp.bialystok.pl\\\/?page_id=1122\",\"url\":\"https:\\\/\\\/sppp.bialystok.pl\\\/?page_id=1122\",\"name\":\"Deklaracja Dost\u0119pno\u015bci - SPECJALISTYCZNA PORADNIA PSYCHOLOGICZNO-PEDAGOGICZNA DLA DZIECI I M\u0141ODZIE\u017bY Z ZABURZENIAMI EMOCJONALNYMI\",\"isPartOf\":{\"@id\":\"https:\\\/\\\/sppp.bialystok.pl\\\/#website\"},\"datePublished\":\"2021-10-15T09:33:45+00:00\",\"dateModified\":\"2025-04-01T07:38:23+00:00\",\"breadcrumb\":{\"@id\":\"https:\\\/\\\/sppp.bialystok.pl\\\/?page_id=1122#breadcrumb\"},\"inLanguage\":\"pl-PL\",\"potentialAction\":[{\"@type\":\"ReadAction\",\"target\":[\"https:\\\/\\\/sppp.bialystok.pl\\\/?page_id=1122\"]}]},{\"@type\":\"BreadcrumbList\",\"@id\":\"https:\\\/\\\/sppp.bialystok.pl\\\/?page_id=1122#breadcrumb\",\"itemListElement\":[{\"@type\":\"ListItem\",\"position\":1,\"name\":\"Strona g\u0142\u00f3wna\",\"item\":\"https:\\\/\\\/sppp.bialystok.pl\\\/\"},{\"@type\":\"ListItem\",\"position\":2,\"name\":\"Deklaracja Dost\u0119pno\u015bci\"}]},{\"@type\":\"WebSite\",\"@id\":\"https:\\\/\\\/sppp.bialystok.pl\\\/#website\",\"url\":\"https:\\\/\\\/sppp.bialystok.pl\\\/\",\"name\":\"SPECJALISTYCZNA PORADNIA PSYCHOLOGICZNO-PEDAGOGICZNA DLA DZIECI I M\u0141ODZIE\u017bY Z ZABURZENIAMI EMOCJONALNYMI\",\"description\":\"\",\"publisher\":{\"@id\":\"https:\\\/\\\/sppp.bialystok.pl\\\/#organization\"},\"potentialAction\":[{\"@type\":\"SearchAction\",\"target\":{\"@type\":\"EntryPoint\",\"urlTemplate\":\"https:\\\/\\\/sppp.bialystok.pl\\\/?s={search_term_string}\"},\"query-input\":{\"@type\":\"PropertyValueSpecification\",\"valueRequired\":true,\"valueName\":\"search_term_string\"}}],\"inLanguage\":\"pl-PL\"},{\"@type\":\"Organization\",\"@id\":\"https:\\\/\\\/sppp.bialystok.pl\\\/#organization\",\"name\":\"SPECJALISTYCZNA PORADNIA PSYCHOLOGICZNO-PEDAGOGICZNA DLA DZIECI I M\u0141ODZIE\u017bY Z ZABURZENIAMI EMOCJONALNYMI\",\"url\":\"https:\\\/\\\/sppp.bialystok.pl\\\/\",\"logo\":{\"@type\":\"ImageObject\",\"inLanguage\":\"pl-PL\",\"@id\":\"https:\\\/\\\/sppp.bialystok.pl\\\/#\\\/schema\\\/logo\\\/image\\\/\",\"url\":\"https:\\\/\\\/serwer1711885.home.pl\\\/autoinstalator\\\/wordpress3\\\/wp-content\\\/uploads\\\/admin-ajax.php_.png\",\"contentUrl\":\"https:\\\/\\\/serwer1711885.home.pl\\\/autoinstalator\\\/wordpress3\\\/wp-content\\\/uploads\\\/admin-ajax.php_.png\",\"width\":400,\"height\":50,\"caption\":\"SPECJALISTYCZNA PORADNIA PSYCHOLOGICZNO-PEDAGOGICZNA DLA DZIECI I M\u0141ODZIE\u017bY Z ZABURZENIAMI EMOCJONALNYMI\"},\"image\":{\"@id\":\"https:\\\/\\\/sppp.bialystok.pl\\\/#\\\/schema\\\/logo\\\/image\\\/\"}}]}<\/script>\n<!-- \/ Yoast SEO plugin. -->","yoast_head_json":{"title":"Deklaracja Dost\u0119pno\u015bci - SPECJALISTYCZNA PORADNIA PSYCHOLOGICZNO-PEDAGOGICZNA DLA DZIECI I M\u0141ODZIE\u017bY Z ZABURZENIAMI EMOCJONALNYMI","robots":{"index":"index","follow":"follow","max-snippet":"max-snippet:-1","max-image-preview":"max-image-preview:large","max-video-preview":"max-video-preview:-1"},"canonical":"https:\/\/sppp.bialystok.pl\/?page_id=1122","og_locale":"pl_PL","og_type":"article","og_title":"Deklaracja Dost\u0119pno\u015bci - SPECJALISTYCZNA PORADNIA PSYCHOLOGICZNO-PEDAGOGICZNA DLA DZIECI I M\u0141ODZIE\u017bY Z ZABURZENIAMI EMOCJONALNYMI","og_description":"Deklaracja Dost\u0119pno\u015bci Specjalistyczna Poradnia Psychologiczno \u2013 Pedagogiczna dla Dzieci i M\u0142odzie\u017cy z Zaburzeniami Emocjonalnymi \u00a0w Bia\u0142ymstoku zobowi\u0105zuje si\u0119 zapewni\u0107 dost\u0119pno\u015b\u0107 swojej strony internetowej zgodnie z\u00a0przepisami ustawy z\u00a0dnia 4\u00a0kwietnia 2019\u00a0r. o\u00a0dost\u0119pno\u015bci cyfrowej stron internetowych i\u00a0aplikacji mobilnych podmiot\u00f3w publicznych (Dz. U. z 2019 r., poz. 848). O\u015bwiadczenie w\u00a0sprawie dost\u0119pno\u015bci ma zastosowanie do \u00a0sppp.bialystok.pl Data publikacji strony internetowej: 28.01.2015 Data ostatniej istotnej aktualizacji [&hellip;]","og_url":"https:\/\/sppp.bialystok.pl\/?page_id=1122","og_site_name":"SPECJALISTYCZNA PORADNIA PSYCHOLOGICZNO-PEDAGOGICZNA DLA DZIECI I M\u0141ODZIE\u017bY Z ZABURZENIAMI EMOCJONALNYMI","article_modified_time":"2025-04-01T07:38:23+00:00","twitter_card":"summary_large_image","twitter_misc":{"Szacowany czas czytania":"6 minut"},"schema":{"@context":"https:\/\/schema.org","@graph":[{"@type":"WebPage","@id":"https:\/\/sppp.bialystok.pl\/?page_id=1122","url":"https:\/\/sppp.bialystok.pl\/?page_id=1122","name":"Deklaracja Dost\u0119pno\u015bci - SPECJALISTYCZNA PORADNIA PSYCHOLOGICZNO-PEDAGOGICZNA DLA DZIECI I M\u0141ODZIE\u017bY Z ZABURZENIAMI EMOCJONALNYMI","isPartOf":{"@id":"https:\/\/sppp.bialystok.pl\/#website"},"datePublished":"2021-10-15T09:33:45+00:00","dateModified":"2025-04-01T07:38:23+00:00","breadcrumb":{"@id":"https:\/\/sppp.bialystok.pl\/?page_id=1122#breadcrumb"},"inLanguage":"pl-PL","potentialAction":[{"@type":"ReadAction","target":["https:\/\/sppp.bialystok.pl\/?page_id=1122"]}]},{"@type":"BreadcrumbList","@id":"https:\/\/sppp.bialystok.pl\/?page_id=1122#breadcrumb","itemListElement":[{"@type":"ListItem","position":1,"name":"Strona g\u0142\u00f3wna","item":"https:\/\/sppp.bialystok.pl\/"},{"@type":"ListItem","position":2,"name":"Deklaracja Dost\u0119pno\u015bci"}]},{"@type":"WebSite","@id":"https:\/\/sppp.bialystok.pl\/#website","url":"https:\/\/sppp.bialystok.pl\/","name":"SPECJALISTYCZNA PORADNIA PSYCHOLOGICZNO-PEDAGOGICZNA DLA DZIECI I M\u0141ODZIE\u017bY Z ZABURZENIAMI EMOCJONALNYMI","description":"","publisher":{"@id":"https:\/\/sppp.bialystok.pl\/#organization"},"potentialAction":[{"@type":"SearchAction","target":{"@type":"EntryPoint","urlTemplate":"https:\/\/sppp.bialystok.pl\/?s={search_term_string}"},"query-input":{"@type":"PropertyValueSpecification","valueRequired":true,"valueName":"search_term_string"}}],"inLanguage":"pl-PL"},{"@type":"Organization","@id":"https:\/\/sppp.bialystok.pl\/#organization","name":"SPECJALISTYCZNA PORADNIA PSYCHOLOGICZNO-PEDAGOGICZNA DLA DZIECI I M\u0141ODZIE\u017bY Z ZABURZENIAMI EMOCJONALNYMI","url":"https:\/\/sppp.bialystok.pl\/","logo":{"@type":"ImageObject","inLanguage":"pl-PL","@id":"https:\/\/sppp.bialystok.pl\/#\/schema\/logo\/image\/","url":"https:\/\/serwer1711885.home.pl\/autoinstalator\/wordpress3\/wp-content\/uploads\/admin-ajax.php_.png","contentUrl":"https:\/\/serwer1711885.home.pl\/autoinstalator\/wordpress3\/wp-content\/uploads\/admin-ajax.php_.png","width":400,"height":50,"caption":"SPECJALISTYCZNA PORADNIA PSYCHOLOGICZNO-PEDAGOGICZNA DLA DZIECI I M\u0141ODZIE\u017bY Z ZABURZENIAMI EMOCJONALNYMI"},"image":{"@id":"https:\/\/sppp.bialystok.pl\/#\/schema\/logo\/image\/"}}]}},"_links":{"self":[{"href":"https:\/\/sppp.bialystok.pl\/index.php?rest_route=\/wp\/v2\/pages\/1122","targetHints":{"allow":["GET"]}}],"collection":[{"href":"https:\/\/sppp.bialystok.pl\/index.php?rest_route=\/wp\/v2\/pages"}],"about":[{"href":"https:\/\/sppp.bialystok.pl\/index.php?rest_route=\/wp\/v2\/types\/page"}],"author":[{"embeddable":true,"href":"https:\/\/sppp.bialystok.pl\/index.php?rest_route=\/wp\/v2\/users\/1"}],"replies":[{"embeddable":true,"href":"https:\/\/sppp.bialystok.pl\/index.php?rest_route=%2Fwp%2Fv2%2Fcomments&post=1122"}],"version-history":[{"count":5,"href":"https:\/\/sppp.bialystok.pl\/index.php?rest_route=\/wp\/v2\/pages\/1122\/revisions"}],"predecessor-version":[{"id":1296,"href":"https:\/\/sppp.bialystok.pl\/index.php?rest_route=\/wp\/v2\/pages\/1122\/revisions\/1296"}],"wp:attachment":[{"href":"https:\/\/sppp.bialystok.pl\/index.php?rest_route=%2Fwp%2Fv2%2Fmedia&parent=1122"}],"curies":[{"name":"wp","href":"https:\/\/api.w.org\/{rel}","templated":true}]}}